{"id":181,"date":"2014-03-14T16:57:23","date_gmt":"2014-03-14T16:57:23","guid":{"rendered":"http:\/\/www.urban-systems-office.com\/2015\/?page_id=181"},"modified":"2024-01-16T05:35:27","modified_gmt":"2024-01-16T05:35:27","slug":"team","status":"publish","type":"page","link":"https:\/\/urban-systems-office.com\/?page_id=181","title":{"rendered":"Office"},"content":{"rendered":"<div class=\"common-attribution\"><strong>Introduction<\/strong><br \/>Urban Systems Office was a London-based architectural practice which operated from 2012 to 2018.<\/div>\n<div>\u00a0<\/div>\n<div class=\"common-attribution\">The office specialised in innovative computational workflows to deliver architectural and urban design solutions. Through collaborative links with leading academic institutions such as the AA School of Architecture, the office pursued advanced research and design methods linked to projects aiming to support vibrant urban communities and human well-being.<\/div>\n<div>\u00a0<\/div>\n<div>\u00a0<\/div>\n<div class=\"common-attribution\">\n<p><img decoding=\"async\" loading=\"lazy\" class=\"alignnone size-full wp-image-1078\" src=\"http:\/\/urban-systems-office.com\/wp-content\/uploads\/2014\/03\/USO80019_meth3b.jpg\" alt=\"USO80019_meth3b\" width=\"783\" height=\"229\" \/><\/p>\n<\/div>\n\n\n<div style=\"height:5px\" aria-hidden=\"true\" class=\"wp-block-spacer\"><\/div>\n\n\n<p><strong>Previous Professional Collaborations:<\/strong><br \/>ARUP, London<br \/>Bollinger and Grohmann, Frankfurt<br \/>Buro Happold, Beijing<br \/>Changsha Planning and Design Institute, Changsha<br \/>IPPR, Beijing<br \/>NOUS Engineering, London \/ Los Angeles<br \/>Relational Urbanism, London<\/p>\n\n\n<div class=\"wp-block-spacer\" aria-hidden=\"true\">&nbsp;<\/div>\n\n\n\n<figure class=\"wp-block-image\"><img decoding=\"async\" src=\"http:\/\/urban-systems-office.com\/wp-content\/uploads\/2014\/03\/USO_000_03_Office.png\" alt=\"USO_000_03_Office\" class=\"wp-image-1405\"\/><\/figure>\n\n\n\n<div style=\"height:33px\" aria-hidden=\"true\" class=\"wp-block-spacer\"><\/div>\n\n\n\n<figure class=\"wp-block-table is-style-stripes\"><table class=\"has-white-background-color has-background\"><tbody><tr><td><b>Previous Directors and Staff:<\/b><\/td><\/tr><tr><td>Jeroen van Ameijde*<br>Stefan Bassing<br>Andrea Bugli<br>Brendon Carlin*<br>Melike Ceyisakar<br>Joohyun Cho<br>Norine Chu<br>James Chung<br>Amaya Colorado Aranguren<br>Pamela Cortez<br>Juan Jose Farres Prohens<br>Yoshitaka Fujimaki<br>Maria Florencia Gonzalez Del Solar<br>Lei Guo<br>Wei Guo<br>Xin He<br>Wei Hou<br>Beom Kwan Kim<\/td><td>Przemyslaw Kolodziej<br>Foteini Kontoleon<br>Axel K\u00f6rner<br>Carrie Lim<br>\u00c1ngel Linares Garc\u00eda<br>Thiru Manickam<br>Bridget Munro<br>Noelia Navarro Escudero<br>Kyunglim Park<br>Yan Qin*<br>Miguel Reyna<br>Fernando Ruiz Barber\u00e1n<br>Loredana Salavastru<br>Felipe Sepulveda Rojas<br>Yutao Song<br>Andreea Stoian<br>Thorsten Strathaus<\/td><td>Vlad Tenu<br>David Trujillo<br>Jaume Verdeguer Ruiz<br>Maria Vergopoulou-Efstathiou<br>Miguel Vidal<br>Ke Wang<br>David Ward<br>Evan Weng<br>Rosey Wilsdon<br>Kai Yang<br>Ting Tao Yuen<br>Qin Zhao<br>Yu Zheng<br>Carlos Zulueta Ehlers<br><br>\n<p>* directors<\/p>\n<\/td><\/tr><\/tbody><\/table><\/figure>\n","protected":false},"excerpt":{"rendered":"<p class=\"excerpt\">IntroductionUrban Systems Office was a London-based architectural practice which operated from 2012 to 2018. \u00a0 The office specialised in innovative computational workflows to deliver architectural and urban design solutions. Through collaborative links with leading academic institutions such as the AA School of Architecture, the office pursued advanced research and design methods linked to projects aiming<a class=\"moretag\" href=\"https:\/\/urban-systems-office.com\/?page_id=181\">Read More &raquo;<\/a><\/p>\n","protected":false},"author":2,"featured_media":0,"parent":0,"menu_order":0,"comment_status":"closed","ping_status":"closed","template":"","meta":{"footnotes":""},"_links":{"self":[{"href":"https:\/\/urban-systems-office.com\/index.php?rest_route=\/wp\/v2\/pages\/181"}],"collection":[{"href":"https:\/\/urban-systems-office.com\/index.php?rest_route=\/wp\/v2\/pages"}],"about":[{"href":"https:\/\/urban-systems-office.com\/index.php?rest_route=\/wp\/v2\/types\/page"}],"author":[{"embeddable":true,"href":"https:\/\/urban-systems-office.com\/index.php?rest_route=\/wp\/v2\/users\/2"}],"replies":[{"embeddable":true,"href":"https:\/\/urban-systems-office.com\/index.php?rest_route=%2Fwp%2Fv2%2Fcomments&post=181"}],"version-history":[{"count":10,"href":"https:\/\/urban-systems-office.com\/index.php?rest_route=\/wp\/v2\/pages\/181\/revisions"}],"predecessor-version":[{"id":3285,"href":"https:\/\/urban-systems-office.com\/index.php?rest_route=\/wp\/v2\/pages\/181\/revisions\/3285"}],"wp:attachment":[{"href":"https:\/\/urban-systems-office.com\/index.php?rest_route=%2Fwp%2Fv2%2Fmedia&parent=181"}],"curies":[{"name":"wp","href":"https:\/\/api.w.org\/{rel}","templated":true}]}}